{"id":1732,"date":"2024-10-18T07:53:28","date_gmt":"2024-10-18T07:53:28","guid":{"rendered":"https:\/\/avalonsolution.ch\/datenschutzbestimmungen\/"},"modified":"2025-11-27T17:49:28","modified_gmt":"2025-11-27T17:49:28","slug":"datenschutzbestimmungen","status":"publish","type":"page","link":"https:\/\/avalonsolution.ch\/de\/datenschutzbestimmungen\/","title":{"rendered":"Datenschutzbestimmungen"},"content":{"rendered":"<h1><b>Datenschutzbestimmungen<\/b><\/h1>\n<p>&nbsp;<\/p>\n<p>Avalon Solution Sagl (im Folgenden<i>&#8218;Avalon<\/i>&#8218;) bietet den Nutzern der <i>Avalon-Website <\/i>(im Folgenden &#8218;<i>Site<\/i>&#8218;, die unter <a href=\"https:\/\/avalonsolution.ch\/de\/\">https:\/\/avalonsolution.ch\/ besucht werden kann) .<\/a><span style=\"color: #000000;\">) die folgenden Informationen in \u00dcbereinstimmung mit Artikel 13 der Verordnung (EU) 2016\/679 (oder <i>Allgemeine Datenschutzverordnung<\/i>, im Folgenden &#8222;<i>DSGVO<\/i>&#8220; genannt), den nachfolgenden nationalen Anpassungsgesetzen (im Folgenden zusammen mit der DSGVO als<i>&#8222;Anwendbares Datenschutzrecht<\/i>&#8220; bezeichnet) und in \u00dcbereinstimmung mit Artikel 19 des Bundesdatenschutzgesetzes (im Folgenden <i>&#8222;DSG&#8220;<\/i> genannt <i>)<\/i>. Bei der Konsultation der Website werden Informationen \u00fcber die Nutzer gesammelt, die personenbezogene Daten im Sinne der anwendbaren <i>Datenschutzbestimmungen<\/i> darstellen. <\/span><\/p>\n<p>Diese Informationen werden ausschlie\u00dflich f\u00fcr die oben genannte Website zur Verf\u00fcgung gestellt und nicht f\u00fcr andere Websites, die \u00fcber <i>Links<\/i> auf derselben erreicht werden k\u00f6nnen.<\/p>\n<p>Datenkontrolleur<\/p>\n<p>Der f\u00fcr die Datenverarbeitung Verantwortliche ist Avalon Solution Sagl, mit Sitz in Via Nassa 46 &#8211; 6900 Lugano, TI (CH) (E-Mail: <a href=\"mailto:info@alphalibrae.ch\">info@avalonsolution.ch)<\/a>.<\/p>\n<p>Europ\u00e4ische Vertreterin<\/p>\n<p>Der von dem f\u00fcr die Verarbeitung Verantwortlichen gem\u00e4\u00df Artikel 27 der DSGVO ernannte europ\u00e4ische Vertreter ist Scardaccione Niccol\u00f2, mit Sitz in Viale Luigi Majno, 9 &#8211; 20122 Mailand (MI)<i>(E-Mail<\/i>: scardaccione@spstudiolegale.it; Tel.: +39 02 83424985). <\/p>\n<p>Arten von verarbeiteten Daten<\/p>\n<p>Die Daten, die von Avalon verarbeitet werden, wenn der Benutzer die Website nutzt, sind im Folgenden aufgef\u00fchrt.<\/p>\n<p>Der Benutzer \u00fcbernimmt die Verantwortung f\u00fcr alle pers\u00f6nlichen Daten Dritter, die auf der Website eingegeben oder ver\u00f6ffentlicht werden, und garantiert, dass er das Recht hat, diese Daten zu \u00fcbermitteln oder zu verbreiten &#8211; und entbindet damit Avalon von jeglicher Haftung gegen\u00fcber diesen Dritten.<\/p>\n<p><i><u>Pers\u00f6nliche Daten, die beim Besuch der Website automatisch erfasst werden<\/u><\/i><\/p>\n<ul>\n<li>\n<p><b>Browsing-Daten.<\/b> Avalon sammelt automatisch Daten \u00fcber das vom Benutzer verwendete Ger\u00e4t (PC, <i>Tablet, <\/i>Mobiltelefon oder ein anderes mobiles Ger\u00e4t) und die Verbindung, einschlie\u00dflich z.B. IP-Adresse, Datum und Uhrzeit des Zugriffs, <i>Hardware-<\/i> und <i>Software-Informationen<\/i>, Informationen \u00fcber Ger\u00e4teereignisse, eindeutige Kennungen, <i>Absturzdaten<\/i>.<\/p>\n<\/li>\n<\/ul>\n<ul>\n<li>\n<p><b>Website-Nutzungsdaten.<\/b> Avalon sammelt Informationen dar\u00fcber, wie Sie die Website genutzt haben, z.B. die Seiten der Website oder andere Inhalte, die Sie angesehen haben, und die <i>Links<\/i> zu anderen Websites und Anwendungen, auf die Sie geklickt haben.<\/p>\n<\/li>\n<\/ul>\n<p><i><u>Pers\u00f6nliche Daten, die direkt vom Benutzer bereitgestellt werden<\/u><\/i><\/p>\n<ol type=\"a\">\n<li>\n<p><i><u>Optionale Daten<\/u><\/i><\/p>\n<\/li>\n<\/ol>\n<ul>\n<li>\n<p><b>Daten, die durch Informationsanfragen per<\/b><i><b> E-Mail<\/b><\/i>. Wenn der Benutzer, um Informationen anzufordern, ausdr\u00fccklich und freiwillig eine elektronische Post an die auf der Website angegebenen Adressen von Avalon sendet oder das unter<i>&#8222;Senden Sie Ihre Anfrage<\/i>&#8220; im Abschnitt<i>&#8222;Kontakt<\/i>&#8220; verf\u00fcgbare Formular verwendet, erfasst Avalon die <i>E-Mail-Adresse<\/i> und alle im Text der elektronischen Mitteilung enthaltenen personenbezogenen Daten des Benutzers (und\/oder Dritter) sowie &#8211; f\u00fcr das Formular<i>&#8222;Senden Sie Ihre Anfrage<\/i>&#8220; &#8211; den Vor- und Nachnamen, die Firmenbezeichnung, die E-Mail-Adresse, die Telefonnummer und alle im Text der Nachricht enthaltenen personenbezogenen Daten des Benutzers (und\/oder Dritter). <\/p>\n<\/li>\n<\/ul>\n<p><i><u>\u00dcber Cookies gesammelte pers\u00f6nliche Daten<\/u><\/i><\/p>\n<p><a name=\"_Hlk514226398\"><\/a>  Avalon verwendet <i>Cookies<\/i>, um Daten \u00fcber die Benutzerpr\u00e4ferenzen auf der Website zu sammeln.<\/p>\n<p>F\u00fcr weitere Informationen \u00fcber die Verwendung von <i>Cookies<\/i> kann der Nutzer die <i>Cookie-Richtlinie<\/i> der Website einsehen.<\/p>\n<p>Zweck der Verarbeitung<\/p>\n<p><a name=\"_Hlk514065425\"><\/a><a name=\"_Hlk515102804\"><\/a> <i><u>zum Betrieb der Website beizutragen; dem Benutzer die Dienste zur Verf\u00fcgung zu stellen, die Avalon \u00fcber die Website anbietet; die lebenswichtigen Interessen des Benutzers zu sch\u00fctzen; geltende Gesetze einzuhalten oder andere Anforderungen von \u00f6ffentlichem Interesse zu verfolgen<\/u><\/i><\/p>\n<p>Die Benutzerdaten werden tats\u00e4chlich verarbeitet:<\/p>\n<ul>\n<li>\n<p>f\u00fcr den Betrieb, die Messung, die Verbesserung und die Wartung der Website und der \u00fcber sie erbrachten Dienstleistungen;<\/p>\n<\/li>\n<li>\n<p>um Sicherheitsverletzungen und potenziell verbotene oder illegale Aktivit\u00e4ten zu verhindern, aufzudecken und abzuschw\u00e4chen.<\/p>\n<\/li>\n<\/ul>\n<p><i><u>Verfolgung der legitimen Interessen von Avalon in einer Weise, dass diese Interessen die Grundrechte und -freiheiten des Nutzers nicht \u00fcberwiegen<\/u><\/i><\/p>\n<p>Die Benutzerdaten werden tats\u00e4chlich verarbeitet:<\/p>\n<ul>\n<li>\n<p>um Probleme zu identifizieren und zu l\u00f6sen, auf die Sie bei der Nutzung der Website sto\u00dfen (z.B. blockierte oder nicht funktionierende Seiten).<\/p>\n<\/li>\n<\/ul>\n<p>Diese Verarbeitungen sch\u00fctzen das Interesse von Avalon, die Website funktionsf\u00e4hig und effizient zu halten. Sie verletzen auch nicht die Grundrechte und -freiheiten des Nutzers, da es sich um vorhersehbare und weit verbreitete Verarbeitungen auf jeder Website handelt. Dar\u00fcber hinaus kommt eine solche Verarbeitung auch dem Nutzer selbst zugute, da sie das weitere Funktionieren der Website erm\u00f6glicht.  <\/p>\n<p><a name=\"_Hlk517278597\"><\/a> <i><u>Mit der Zustimmung des Benutzers verwenden wir statistische und Marketing-Cookies  <\/u><\/i><\/p>\n<p><a name=\"_Hlk514067721\"><\/a><a name=\"_Hlk514230420\"><\/a>  Mit Ihrem Einverst\u00e4ndnis k\u00f6nnen Ihre pers\u00f6nlichen Daten (und\/oder die von Dritten) zum Zwecke der:<\/p>\n<ul>\n<li>\n<p>die Werbung, die dem Nutzer auf der Website und auf anderen <i>Websites<\/i> angeboten wird, auf der Grundlage der Pr\u00e4ferenzen des Nutzers, die er beim Surfen auf der Website festgestellt hat, anzupassen, zu messen und zu verbessern.<\/p>\n<\/li>\n<\/ul>\n<p>Behandlungsmethoden<\/p>\n<p>Die personenbezogenen Daten des Nutzers werden mit Hilfe von Computern oder Telematik ausschlie\u00dflich f\u00fcr die Zwecke verarbeitet, f\u00fcr die sie erhoben wurden (siehe oben), und f\u00fcr einen bestimmten Zeitraum gem\u00e4\u00df den in dieser <i>Datenschutzerkl\u00e4rung<\/i> festgelegten Kriterien gespeichert (siehe unten).<\/p>\n<p>Personenbezogene Daten k\u00f6nnen den Mitarbeitern von Avalon bekannt sein und von ihnen verarbeitet werden, die ordnungsgem\u00e4\u00df \u00fcber die gem\u00e4\u00df dem geltenden <i>Datenschutzgesetz<\/i> zu treffenden Vorsichtsma\u00dfnahmen unterrichtet wurden.<\/p>\n<p>Avalon ist verpflichtet, die erforderlichen technischen und organisatorischen Ma\u00dfnahmen zu ergreifen, um sicherzustellen, dass die Verarbeitung personenbezogener Daten mit den Datenschutzbestimmungen, insbesondere den in Artikel 6 festgelegten Grunds\u00e4tzen, in Einklang steht, und diese Ma\u00dfnahmen zu treffen.<\/p>\n<p>Avalon verarbeitet die personenbezogenen Daten des Nutzers in einer kontrollierten und gesch\u00fctzten Weise, so dass der Nutzer durch geeignete technische und organisatorische Ma\u00dfnahmen sicher sein kann, dass die Sicherheit der personenbezogenen Daten dem Risiko angemessen ist.<\/p>\n<p>Dauer der Behandlung<\/p>\n<p>Die spezifischen Aufbewahrungsfristen f\u00fcr die personenbezogenen Daten des Nutzers sind im Register der Verarbeitungst\u00e4tigkeiten von Avalon dokumentiert (umgesetzt gem\u00e4\u00df Artikel 30 der DSGVO und gem\u00e4\u00df Artikel 12 der DSGVO).<\/p>\n<p><a name=\"_Hlk515101597\"><\/a>  Die personenbezogenen Daten des Nutzers werden (gem\u00e4\u00df den in Erw\u00e4gungsgrund 39 und Artikel 5(1) <i>(e)<\/i> der G.D.P.R. genannten Kriterien) f\u00fcr den Zeitraum aufbewahrt, der erforderlich ist, um sicherzustellen, dass die Website funktioniert und dass Avalon den Nutzern die \u00fcber die Website angebotenen Dienste zur Verf\u00fcgung stellt. Dieser Zeitraum darf in jedem Fall 10 Jahre ab der Erhebung nicht \u00fcberschreiten.  <\/p>\n<p>Die personenbezogenen Daten des Nutzers werden vernichtet oder anonymisiert, sobald sie f\u00fcr den Zweck der Verarbeitung nicht mehr erforderlich sind (gem\u00e4\u00df Art. 6 c.4 DPA). <\/p>\n<p>Die personenbezogenen Daten des Nutzers d\u00fcrfen nur dann l\u00e4nger als die eben genannten Zeitr\u00e4ume gespeichert werden, wenn dies f\u00fcr Avalon zur Erf\u00fcllung seiner gesetzlichen Verpflichtungen oder zum Schutz eines Rechts vor Gericht erforderlich ist.<\/p>\n<p>Nach Ablauf dieser Aufbewahrungsfristen werden die Daten des Nutzers entweder gel\u00f6scht oder dauerhaft anonymisiert.<\/p>\n<p>&nbsp;<\/p>\n<p>Datenkommunikation<\/p>\n<p>Avalon kann die verarbeiteten personenbezogenen Daten an die folgenden Personen und nur zu den folgenden Zwecken weitergeben.<\/p>\n<p><b>Bek\u00e4mpfung von rechtswidrigen Handlungen und Sicherheitsverst\u00f6\u00dfen<\/b><\/p>\n<ul>\n<li>\n<p>Avalon kann Ihre personenbezogenen Daten an Dritte weitergeben, die an der Verhinderung, Aufdeckung und Eind\u00e4mmung von potenziell rechtswidrigen Handlungen und Sicherheitsverst\u00f6\u00dfen beteiligt sind.<\/p>\n<\/li>\n<\/ul>\n<p><b>Strafverfolgung, gerichtliche Verfahren und gesetzlich zugelassene Modalit\u00e4ten<\/b><\/p>\n<ul>\n<li>\n<p><a name=\"_Hlk513888458\"><\/a>  Avalon kann Ihre pers\u00f6nlichen Daten an Strafverfolgungsbeh\u00f6rden, \u00f6ffentliche Stellen oder autorisierte Dritte weitergeben, wenn dies gesetzlich vorgeschrieben ist. Und ganz allgemein, wenn es notwendig ist, um gesetzlichen Verpflichtungen oder verifizierten Anfragen im Zusammenhang mit strafrechtlichen Ermittlungen oder mutma\u00dflichen illegalen Aktivit\u00e4ten nachzukommen oder um auf Anspr\u00fcche Dritter zu reagieren, die die Rechte, das Eigentum oder die Sicherheit von Avalon, seinen Mitarbeitern oder Benutzern betreffen. <\/p>\n<\/li>\n<\/ul>\n<p>&nbsp;<\/p>\n<p>Rechte der betroffenen Personen<\/p>\n<p><a name=\"_Hlk514069251\"><\/a><a name=\"_Hlk516823197\"><\/a>  In den einzigen F\u00e4llen und mit allen Einschr\u00e4nkungen, die in den Artikeln 15-22 G.D.P.R. und den Artikeln 25-29 DPA vorgesehen sind, hat der Nutzer das Recht, jederzeit, kostenlos und ohne besondere Geb\u00fchren und Formalit\u00e4ten, auf<\/p>\n<ul>\n<li>\n<p>eine Best\u00e4tigung zu erhalten, dass Avalon Ihre pers\u00f6nlichen Daten verarbeitet;<\/p>\n<\/li>\n<li>\n<p>Zugang zu Ihren pers\u00f6nlichen Daten zu erhalten und deren Herkunft, den Zweck und die Zwecke der Verarbeitung, die Dauer der Speicherung und Informationen \u00fcber Dritte, an die die pers\u00f6nlichen Daten weitergegeben werden, zu erfahren;<\/p>\n<\/li>\n<li>\n<p>seine Einwilligung jederzeit zu widerrufen, wenn diese die Grundlage f\u00fcr die Verarbeitung bildet;<\/p>\n<\/li>\n<li>\n<p>Ihre von Avalon gesammelten pers\u00f6nlichen Daten zu aktualisieren oder zu berichtigen, so dass sie immer genau und korrekt sind;<\/p>\n<\/li>\n<li>\n<p><a name=\"_Hlk514068222\"><\/a>  das so genannte Recht auf Vergessenwerden aus\u00fcben, d.h. Ihre von Avalon gesammelten pers\u00f6nlichen Daten aus den Datenbanken und\/oder Archiven von Avalon l\u00f6schen lassen, einschlie\u00dflich der <i>Backup-Archive<\/i>;<\/p>\n<\/li>\n<li>\n<p>die Verarbeitung Ihrer pers\u00f6nlichen Daten durch Avalon einschr\u00e4nken;<\/p>\n<\/li>\n<li>\n<p>sich der Verarbeitung zu widersetzen, wenn es sich um personenbezogene Daten handelt, die zur Verfolgung von Erfordernissen des \u00f6ffentlichen Interesses oder der berechtigten Interessen von Avalon verarbeitet werden;<\/p>\n<\/li>\n<li>\n<p>rechtzeitig \u00fcber eine von Avalon angeordnete Berichtigung, L\u00f6schung oder Einschr\u00e4nkung der Verarbeitung sowie \u00fcber einen Widerruf solcher Ma\u00dfnahmen und die Gr\u00fcnde f\u00fcr einen solchen Widerruf informiert zu werden.<\/p>\n<\/li>\n<\/ul>\n<p><a name=\"_Hlk534991836\"><\/a>  Der Benutzer kann diese Rechte aus\u00fcben, indem er einen schriftlichen Antrag ohne Formalit\u00e4ten an Avalon richtet, indem er eine <i>E-Mail<\/i> an die Adresse (E-Mail: <a href=\"mailto:info@avalonsolution.ch\">info@avalonsolution.ch)<\/a> schickt.<\/p>\n<p><a name=\"_Hlk514230948\"><\/a>  Nach Erhalt der vorgenannten <i>E-Mail<\/i> wird Avalon der Anfrage innerhalb eines Monats nach deren Eingang nachkommen. Diese Frist kann &#8211; nach Benachrichtigung des Nutzers &#8211; unter Ber\u00fccksichtigung der Komplexit\u00e4t und Anzahl der Anfragen um zwei Monate verl\u00e4ngert werden. <\/p>\n<p>Avalon weist den Benutzer darauf hin, dass er sich im Falle einer unbefriedigenden Antwort auf seine Anfrage an die italienische Datenschutzbeh\u00f6rde<a href=\"http:\/\/www.garanteprivacy.it\/\">(http:\/\/www.garanteprivacy.it\/<\/a>) wenden und eine Beschwerde einreichen kann, wie es das geltende <i>Datenschutzgesetz<\/i> vorsieht.<\/p>\n<p><a name=\"_Hlk534991881\"><\/a>  \u00c4nderungen an der <i>Datenschutzrichtlinie<\/i><\/p>\n<p>Avalon beh\u00e4lt sich das Recht vor, diese <i>Datenschutzrichtlinie<\/i> jederzeit zu \u00e4ndern und die Benutzer auf dieser Seite der Website dar\u00fcber zu informieren.<\/p>\n<p>Wir bitten Sie daher, diese Seite h\u00e4ufig zu konsultieren und sich dabei auf das unten angegebene Datum der letzten \u00c4nderung zu beziehen. Sofern nicht anders angegeben, gilt im Falle einer \u00c4nderung die vorherige <i>Datenschutzrichtlinie<\/i> weiterhin f\u00fcr die bis zu diesem Zeitpunkt erhobenen personenbezogenen Daten. <\/p>\n<p>Zuletzt aktualisiert: November 2024<\/p>\n<p>&nbsp;<\/p>\n<h2><b>Cookie-Richtlinie<\/b><\/h2>\n<p>Die <i>Website <\/i>von Avalon Solution Sagl (im Folgenden die<i>&#8222;Website<\/i>&#8220; bzw.<i>&#8222;Avalon<\/i>&#8222;), die Sie unter <a href=\"https:\/\/www.avalonsolution.ch\/\">https:\/\/www.avalonsolution.ch\/<\/a> besuchen k\u00f6nnen.<span style=\"color: #00000a;\">Avalon verwendet bestimmte <i>Cookies<\/i> in Bezug auf seine Benutzer. Mit dieser <i>Richtlinie<\/i> informiert Avalon den Benutzer \u00fcber die <i>Cookies<\/i>, die nur auf der Website installiert sind, ihre Eigenschaften und ihre Verwaltung. F\u00fcr <i>Cookies<\/i>, die auf anderen <i>Websites<\/i> installiert sind, die \u00fcber die Website erreicht werden k\u00f6nnen, werden die Nutzer hingegen gebeten, die entsprechenden <i>Cookie-Richtlinien<\/i> zu konsultieren.  <\/span><\/p>\n<p>Datenkontrolleur<\/p>\n<p>Der f\u00fcr die Datenverarbeitung Verantwortliche ist Avalon Solution Sagl, mit Sitz in Via Nassa 46 &#8211; 6900 Lugano, TI (CH) (E-Mail: <a href=\"mailto:info@avalonsolution.ch\">info@avalonsolution.ch)<\/a>.<\/p>\n<p>Europ\u00e4ische Vertreterin<\/p>\n<p>Der von dem f\u00fcr die Verarbeitung Verantwortlichen gem\u00e4\u00df Artikel 27 der DSGVO ernannte europ\u00e4ische Vertreter ist Scardaccione Niccol\u00f2, mit Sitz in Viale Luigi Majno, 9 &#8211; 20122 Mailand (MI)<i>(E-Mail<\/i>: scardaccione@spstudiolegale.it; Tel.: +39 02 83424985). <\/p>\n<p>Was sind Cookies<\/p>\n<p><i>Cookies<\/i> sind kleine <i>Textdateien<\/i> (in der Regel bestehend aus Buchstaben und Zahlen<i>), <\/i>die auf dem vom Nutzer verwendeten Ger\u00e4t (Computer, Tablet, Mobiltelefon oder anderes mobiles Ger\u00e4t) gespeichert und bei jedem Zugriff des Nutzers auf die Website \u00fcberpr\u00fcft werden. <i>Cookies<\/i> machen es technisch m\u00f6glich, f\u00fcr einen bestimmten Zeitraum (der je nach Dauer der Nutzung variiert) n\u00fctzliche Informationen zu speichern, um eine einfache und effiziente Nutzung der Website zu gew\u00e4hrleisten und um zu verstehen, wie der Nutzer die Website nutzt und welche Pr\u00e4ferenzen er gezeigt hat. <\/p>\n<p>Es gibt verschiedene Arten von <i>Cookies:<\/i><\/p>\n<ol type=\"a\">\n<li>\n<p>basierend auf der Dauer ihrer Nutzung,<\/p>\n<\/li>\n<\/ol>\n<ul>\n<li>\n<p><i>Sitzungs-Cookies<\/i>, die am Ende der <i>Browser-Sitzung<\/i> automatisch entfernt werden; und<\/p>\n<\/li>\n<li>\n<p>dauerhafte <i>Cookies<\/i>, die auch nach Beendigung der <i>Browser-Sitzung<\/i> auf dem Ger\u00e4t des Benutzers gespeichert bleiben;<\/p>\n<\/li>\n<\/ul>\n<ol start=\"2\" type=\"a\">\n<li>\n<p>abh\u00e4ngig von der Partei, die sie auf dem Ger\u00e4t des Benutzers installiert,<\/p>\n<\/li>\n<\/ol>\n<ul>\n<li>\n<p><i>Erstanbieter-Cookies<\/i> (oder propriet\u00e4re <i>Cookies<\/i> ), die von der <i>Website<\/i> installiert werden, die der Benutzer besucht; und<\/p>\n<\/li>\n<li>\n<p><i>Cookies<\/i> von Drittanbietern, die von einer anderen <i>Website<\/i> als derjenigen, die der Benutzer besucht, installiert werden.<i> <\/i><\/p>\n<\/li>\n<\/ul>\n<p>&nbsp;<\/p>\n<h3>Notwendige und bevorzugte Cookies: Zustimmung des Benutzers<\/h3>\n<h3> <\/h3>\n<p>Die Website verwendet <i>notwendige, statistische, Marketing-<\/i><i> und Pr\u00e4ferenz-Cookies <\/i>(siehe unten f\u00fcr Definitionen).<\/p>\n<p><i>Notwendige<\/i> <i>Cookies<\/i> werden verwendet, um dem Benutzer den Zugriff auf die Website und die Navigation auf ihr zu erm\u00f6glichen, und bed\u00fcrfen daher nicht der Zustimmung des Benutzers.<\/p>\n<p><i>Pr\u00e4ferenz-Cookies<\/i> werden verwendet, um die vom Benutzer ge\u00e4u\u00dferten Pr\u00e4ferenzen bez\u00fcglich eines Dienstes zu speichern,<\/p>\n<p>die vom Benutzer selbst angefordert und mit den Seiten einer Website verkn\u00fcpft werden. Da die Bereitstellung solcher Dienste angefordert wird <\/p>\n<p>durch den Benutzer selbst, ben\u00f6tigen Pr\u00e4ferenz-Cookies nicht die Zustimmung des Benutzers.<\/p>\n<p>Bei weiteren Besuchen der Website kann der Nutzer auch die zuvor erteilte Zustimmung zur Verwendung solcher <i>Cookies <\/i>widerrufen <i>. <\/i>Dazu kann der Nutzer die Seite zur Verwaltung von <i>Cookies<\/i> verwenden.<\/p>\n<h3>Cookies und Browser-Optionen<\/h3>\n<p>Die Benutzer werden darauf hingewiesen, dass sie durch \u00c4nderung der Einstellungen des verwendeten <i>Browsers<\/i> jederzeit die M\u00f6glichkeit haben, bereits installierte <i>Cookies<\/i> zu l\u00f6schen und neue nicht zu akzeptieren.<\/p>\n<p>Die Verfahren zum \u00c4ndern dieser Einstellungen sind je nach <i>Browsertyp<\/i> und verwendetem Betriebssystem unterschiedlich.<\/p>\n<p>Hier sind die <i>Links<\/i> zu den <i>Cookie-Einstellungen<\/i> der g\u00e4ngigsten <i>Browser<\/i>:<\/p>\n<ul>\n<li>\n<p><span lang=\"en-GB\"><i>Google Chrome:<\/i> <a href=\"https:\/\/support.google.com\/chrome\/answer\/95647?hl=it\">https:\/\/support.google.com\/chrome\/answer\/95647?hl=it<\/a><span style=\"color: #0563c1;\"><u>;<\/u><\/span><\/span><\/p>\n<\/li>\n<li>\n<p><i>Mozilla Firefox:<\/i> <a href=\"https:\/\/support.mozilla.org\/it\/kb\/Gestione%20dei%20cookie\">https:\/\/support.mozilla.org\/it\/kb\/Gestione%20dei%20cookie;<\/a><\/p>\n<\/li>\n<li>\n<p><i>Safari:<\/i> <a href=\"https:\/\/support.apple.com\/it-it\/HT201265\">https:\/\/support.apple.com\/it-it\/HT201265<\/a> (f\u00fcr <i>IPhone, IPad <\/i>und<i> IPod Touch<\/i>) https:\/\/support.apple.com\/it-it\/guide\/safari\/sfri11471\/mac <span style=\"color: #000000;\">(f\u00fcr <i>MacBook<\/i>)<u>;<\/u><\/span><\/p>\n<\/li>\n<li>\n<p><span lang=\"en-GB\"><i>Windows Internet Explorer:<\/i> <a href=\"https:\/\/support.microsoft.com\/it-it\/help\/17442\/windows-internet-explorer-delete-manage-cookies\">https:<\/a><span style=\"color: #000000;\">\/\/support.microsoft.com\/it-it\/help\/17442\/windows-internet-explorer-delete-manage-cookies;<\/span><\/span><\/p>\n<\/li>\n<li>\n<p><span lang=\"en-GB\"><i>Windows Microsoft Edge:<\/i> <a href=\"https:\/\/privacy.microsoft.com\/en-us\/windows-10-microsoft-edge-and-privacy\">https:\/\/privacy.microsoft.com\/en-us\/windows-10-microsoft-edge-and-privacy.<\/a><\/span><\/p>\n<\/li>\n<\/ul>\n<p>Benutzer k\u00f6nnen sich \u00fcber die wichtigsten im <i>Internet<\/i> verwendeten <i>Cookies<\/i> (statistische und <i>Marketing-Cookies<\/i>) informieren und erfahren, wie sie diese deinstallieren k\u00f6nnen, indem sie <a href=\"http:\/\/www.networkadvertising.org\/choices\/\">die<\/a> <a href=\"http:\/\/www.aboutads.info\/choices\/\">Opt-Out-Seite der Network Alliance Initiative, die Opt-Out-Seite der Digital Advertising Alliance<\/a> oder <a href=\"http:\/\/youronlinechoices.eu\">http:\/\/youronlinechoices.eu besuchen .<\/a><\/p>\n<h2> <\/h2>\n<h3>Von der Website verwendete Cookies<\/h3>\n<p>Wenn der Benutzer die Website besucht, installieren die Website selbst und die <i>Websites<\/i> von Drittanbietern bestimmte <i>Cookies<\/i> auf dem vom Benutzer verwendeten Ger\u00e4t.<\/p>\n<h2> <\/h2>\n<h3><i>Erforderliche Cookies<\/i><\/h3>\n<p>Diese <i>Cookies<\/i>, egal ob es sich um Sitzungscookies oder permanente Cookies handelt, machen eine <i>Website<\/i> nutzbar und erm\u00f6glichen beispielsweise die Navigation zwischen den Seiten oder den Zugang zu gesch\u00fctzten Bereichen. Keine <i>Website<\/i> k\u00f6nnte ohne sie richtig funktionieren. <\/p>\n<p>Hier sind die notwendigen <i>Cookies <\/i>, die beim Besuch der Website installiert werden:<\/p>\n<table border=\"1\" width=\"642\" frame=\"VOID\" rules=\"ROWS\" cellspacing=\"0\" cellpadding=\"7\">\n<tbody>\n<tr valign=\"TOP\">\n<td width=\"114\">\n<p><b>Name<\/b><\/p>\n<\/td>\n<td width=\"114\">\n<p><b>Anbieter<\/b><\/p>\n<\/td>\n<td width=\"114\">\n<p><b>Zweck<\/b><\/p>\n<\/td>\n<td width=\"114\">\n<p><b>Deadline<\/b><i><b> <\/b><\/i><\/p>\n<\/td>\n<td width=\"115\">\n<p><b>Typ<\/b><i><b> <\/b><\/i><\/p>\n<\/td>\n<\/tr>\n<tr valign=\"TOP\">\n<td width=\"114\">\n<p>wpEmojiSettingsSupports<\/p>\n<\/td>\n<td width=\"114\">\n<p>avalonsolution.ch<\/p>\n<\/td>\n<td width=\"114\">\n<p>Es hilft festzustellen, ob der Browser des Benutzers Emoji korrekt anzeigen kann.<\/p>\n<\/td>\n<td width=\"114\">\n<p>Sitzung<\/p>\n<\/td>\n<td width=\"115\">\n<p>HTTP<\/p>\n<\/td>\n<\/tr>\n<\/tbody>\n<\/table>\n<p><i>Pr\u00e4ferenz-Cookies<\/i><\/p>\n<p>Diese Cookies speichern auf ausdr\u00fccklichen Wunsch des Nutzers bestimmte Pr\u00e4ferenzen, die der Nutzer im Rahmen der<\/p>\n<p>Navigation \u00fcber den Betrieb oder das Layout der Website (z. B. die auf der Website verwendete Sprache oder die<\/p>\n<p>Position, die bestimmte Symbole auf den Seiten der Website einnehmen). Aufgrund der Tatsache, dass die Bereitstellung dieser Dienste <\/p>\n<p>vom Benutzer selbst angefordert werden, ist die Zustimmung des Benutzers nicht erforderlich.<\/p>\n<p>Nachfolgend finden Sie die Einstellungs-Cookies, die beim Besuch der Website installiert werden:<\/p>\n<table border=\"1\" width=\"642\" frame=\"VOID\" rules=\"ROWS\" cellspacing=\"0\" cellpadding=\"7\">\n<tbody>\n<tr valign=\"TOP\">\n<td width=\"114\">\n<p><b>Name<\/b><\/p>\n<\/td>\n<td width=\"114\">\n<p><b>Anbieter<\/b><\/p>\n<\/td>\n<td width=\"114\">\n<p><b>Zweck<\/b><\/p>\n<\/td>\n<td width=\"114\">\n<p><b>Deadline<\/b><i><b> <\/b><\/i><\/p>\n<\/td>\n<td width=\"115\">\n<p><b>Typ<\/b><i><b> <\/b><\/i><\/p>\n<\/td>\n<\/tr>\n<tr valign=\"TOP\">\n<td width=\"114\">\n<p>wp-wpml_aktuelle_Sprache<\/p>\n<\/td>\n<td width=\"114\">\n<p>avalonsolution.ch<\/p>\n<\/td>\n<td width=\"114\">\n<p>Bestimmt das internationale Pr\u00e4fix, das aus der IP-Adresse des Benutzers berechnet wird. Wird verwendet, um zu bestimmen, welche Sprache f\u00fcr Benutzer verwendet werden soll <\/p>\n<\/td>\n<td width=\"114\">\n<p>Sitzung<\/p>\n<\/td>\n<td width=\"115\">\n<p>HTTP<\/p>\n<\/td>\n<\/tr>\n<\/tbody>\n<\/table>\n<p>Zuletzt aktualisiert: Juli 2025<\/p>\n<p>&nbsp;<\/p>\n<p>&nbsp;<\/p>\n<p>&nbsp;<\/p>\n","protected":false},"excerpt":{"rendered":"<p>Datenschutzbestimmungen &nbsp; Avalon Solution Sagl (im Folgenden&#8218;Avalon&#8218;) bietet den Nutzern der Avalon-Website (im Folgenden &#8218;Site&#8218;, die unter https:\/\/avalonsolution.ch\/ besucht werden kann) .) die folgenden Informationen in \u00dcbereinstimmung mit Artikel 13&#8230;<\/p>\n","protected":false},"author":1,"featured_media":0,"parent":0,"menu_order":0,"comment_status":"closed","ping_status":"open","template":"","meta":{"footnotes":""},"class_list":["post-1732","page","type-page","status-publish"],"_links":{"self":[{"href":"https:\/\/avalonsolution.ch\/de\/wp-json\/wp\/v2\/pages\/1732","targetHints":{"allow":["GET"]}}],"collection":[{"href":"https:\/\/avalonsolution.ch\/de\/wp-json\/wp\/v2\/pages"}],"about":[{"href":"https:\/\/avalonsolution.ch\/de\/wp-json\/wp\/v2\/types\/page"}],"author":[{"embeddable":true,"href":"https:\/\/avalonsolution.ch\/de\/wp-json\/wp\/v2\/users\/1"}],"replies":[{"embeddable":true,"href":"https:\/\/avalonsolution.ch\/de\/wp-json\/wp\/v2\/comments?post=1732"}],"version-history":[{"count":1,"href":"https:\/\/avalonsolution.ch\/de\/wp-json\/wp\/v2\/pages\/1732\/revisions"}],"predecessor-version":[{"id":2479,"href":"https:\/\/avalonsolution.ch\/de\/wp-json\/wp\/v2\/pages\/1732\/revisions\/2479"}],"wp:attachment":[{"href":"https:\/\/avalonsolution.ch\/de\/wp-json\/wp\/v2\/media?parent=1732"}],"curies":[{"name":"wp","href":"https:\/\/api.w.org\/{rel}","templated":true}]}}