{"id":1715,"date":"2025-02-12T10:12:13","date_gmt":"2025-02-12T10:12:13","guid":{"rendered":"https:\/\/avalonsolution.ch\/chariot\/"},"modified":"2025-11-27T17:45:23","modified_gmt":"2025-11-27T17:45:23","slug":"chariot","status":"publish","type":"page","link":"https:\/\/avalonsolution.ch\/fr\/chariot\/","title":{"rendered":"Chariot"},"content":{"rendered":"\n<div data-block-name=\"woocommerce\/cart\" class=\"wp-block-woocommerce-cart alignwide is-loading\">\n<div data-block-name=\"woocommerce\/filled-cart-block\" class=\"wp-block-woocommerce-filled-cart-block\">\n<div data-block-name=\"woocommerce\/cart-items-block\" class=\"wp-block-woocommerce-cart-items-block\">\n<div data-block-name=\"woocommerce\/cart-line-items-block\" data-translated-with-w-p-m-l-t-m=\"1\" class=\"wp-block-woocommerce-cart-line-items-block\"\/>\n\n\n\n<div data-block-name=\"woocommerce\/cart-cross-sells-block\" class=\"wp-block-woocommerce-cart-cross-sells-block\">\n<h2 class=\"wp-block-heading has-large-font-size\">Vous pouvez \u00e9galement \u00eatre int\u00e9ress\u00e9 par&#8230;<\/h2>\n\n\n\n<div data-block-name=\"woocommerce\/cart-cross-sells-products-block\" data-translated-with-w-p-m-l-t-m=\"1\" class=\"wp-block-woocommerce-cart-cross-sells-products-block\"\/>\n<\/div>\n<\/div>\n\n\n\n<div data-block-name=\"woocommerce\/cart-totals-block\" class=\"wp-block-woocommerce-cart-totals-block\">\n<div data-block-name=\"woocommerce\/cart-order-summary-block\" class=\"wp-block-woocommerce-cart-order-summary-block\">\n\t\t\t<div data-block-name=\"woocommerce\/cart-order-summary-heading-block\" class=\"wp-block-woocommerce-cart-order-summary-heading-block\"><\/div>\n\t\t\t<div data-block-name=\"woocommerce\/cart-order-summary-subtotal-block\" class=\"wp-block-woocommerce-cart-order-summary-subtotal-block\"><\/div>\n\t\t\t<div data-block-name=\"woocommerce\/cart-order-summary-fee-block\" class=\"wp-block-woocommerce-cart-order-summary-fee-block\"><\/div>\n\t\t\t<div data-block-name=\"woocommerce\/cart-order-summary-discount-block\" class=\"wp-block-woocommerce-cart-order-summary-discount-block\"><\/div>\n\t\t\t<div data-block-name=\"woocommerce\/cart-order-summary-coupon-form-block\" class=\"wp-block-woocommerce-cart-order-summary-coupon-form-block\"><\/div>\n\t\t\t<div data-block-name=\"woocommerce\/cart-order-summary-shipping-form-block\" class=\"wp-block-woocommerce-cart-order-summary-shipping-block\"><\/div>\n\t\t\t<div data-block-name=\"woocommerce\/cart-order-summary-taxes-block\" class=\"wp-block-woocommerce-cart-order-summary-taxes-block\"><\/div>\n\t\t\n<div data-block-name=\"woocommerce\/cart-order-summary-heading-block\" class=\"wp-block-woocommerce-cart-order-summary-heading-block\"><\/div><div data-block-name=\"woocommerce\/cart-order-summary-coupon-form-block\" data-translated-with-w-p-m-l-t-m=\"1\" class=\"wp-block-woocommerce-cart-order-summary-coupon-form-block\"\/>\n\n\n\n<div data-block-name=\"woocommerce\/cart-express-payment-block\" data-translated-with-w-p-m-l-t-m=\"1\" class=\"wp-block-woocommerce-cart-express-payment-block\"\/>\n\n\n\n<div data-block-name=\"woocommerce\/proceed-to-checkout-block\" class=\"wp-block-woocommerce-proceed-to-checkout-block\"><\/div>\n\n\n\n<div data-block-name=\"woocommerce\/cart-accepted-payment-methods-block\" data-translated-with-w-p-m-l-t-m=\"1\" class=\"wp-block-woocommerce-cart-accepted-payment-methods-block\"\/>\n<\/div>\n<\/div>\n\n\n\n<div data-block-name=\"woocommerce\/empty-cart-block\" class=\"wp-block-woocommerce-empty-cart-block\">\n<h2 class=\"wp-block-heading has-text-align-center with-empty-cart-icon wc-block-cart__empty-cart__title\">Votre panier est actuellement vide !<\/h2>\n\n\n\n<hr class=\"wp-block-separator has-alpha-channel-opacity is-style-dots\"\/>\n\n\n\n<h2 class=\"wp-block-heading has-text-align-center\">Nouveau dans le magasin<\/h2>\n\n\n<div data-block-name=\"woocommerce\/product-new\" data-columns=\"4\" data-rows=\"1\" class=\"wc-block-grid wp-block-product-new wp-block-woocommerce-product-new wc-block-product-new has-4-columns\"><ul class=\"wc-block-grid__products\"><li class=\"wc-block-grid__product\">\n\t\t\t\t<a href=\"https:\/\/avalonsolution.ch\/fr\/negozio\/cristaux-et-pierres\/pentasphere-petite\/\" class=\"wc-block-grid__product-link\">\n\t\t\t\t\t\n\t\t\t\t\t<div class=\"wc-block-grid__product-image\"><img loading=\"lazy\" decoding=\"async\" width=\"213\" height=\"300\" src=\"https:\/\/avalonsolution.ch\/wp-content\/uploads\/2025\/11\/Pentasfera.jpg\" class=\"attachment-woocommerce_thumbnail size-woocommerce_thumbnail\" alt=\"Pentasph\u00e8re - petite\" \/><\/div>\n\t\t\t\t\t<div class=\"wc-block-grid__product-title\">Pentasph\u00e8re &#8211; petite<\/div>\n\t\t\t\t<\/a>\n\t\t\t\t<div class=\"wc-block-grid__product-price price\"><span class=\"woocommerce-Price-amount amount\"><span class=\"woocommerce-Price-currencySymbol\">&#067;&#072;&#070;<\/span>&nbsp;50.01<\/span><\/div>\n\t\t\t\t\n\t\t\t\t<div class=\"wp-block-button wc-block-grid__product-add-to-cart\"><a href=\"\/fr\/wp-json\/wp\/v2\/pages\/1715?add-to-cart=2256\" aria-label=\"Ajouter au panier\u00a0: &ldquo;Pentasph\u00e8re - petite&rdquo;\" data-quantity=\"1\" data-product_id=\"2256\" data-product_sku=\"\" data-price=\"50.01\" rel=\"nofollow\" class=\"wp-block-button__link  add_to_cart_button ajax_add_to_cart\">Ajouter au panier<\/a><\/div>\n\t\t\t<\/li><li class=\"wc-block-grid__product\">\n\t\t\t\t<a href=\"https:\/\/avalonsolution.ch\/fr\/negozio\/cristaux-et-pierres\/pentasphere-medias\/\" class=\"wc-block-grid__product-link\">\n\t\t\t\t\t\n\t\t\t\t\t<div class=\"wc-block-grid__product-image\"><img loading=\"lazy\" decoding=\"async\" width=\"213\" height=\"300\" src=\"https:\/\/avalonsolution.ch\/wp-content\/uploads\/2025\/11\/Pentasfera.jpg\" class=\"attachment-woocommerce_thumbnail size-woocommerce_thumbnail\" alt=\"Pentasph\u00e8re - m\u00e9dias\" \/><\/div>\n\t\t\t\t\t<div class=\"wc-block-grid__product-title\">Pentasph\u00e8re &#8211; m\u00e9dias<\/div>\n\t\t\t\t<\/a>\n\t\t\t\t<div class=\"wc-block-grid__product-price price\"><span class=\"woocommerce-Price-amount amount\"><span class=\"woocommerce-Price-currencySymbol\">&#067;&#072;&#070;<\/span>&nbsp;119.99<\/span><\/div>\n\t\t\t\t\n\t\t\t\t<div class=\"wp-block-button wc-block-grid__product-add-to-cart\"><a href=\"\/fr\/wp-json\/wp\/v2\/pages\/1715?add-to-cart=2467\" aria-label=\"Ajouter au panier\u00a0: &ldquo;Pentasph\u00e8re - m\u00e9dias&rdquo;\" data-quantity=\"1\" data-product_id=\"2467\" data-product_sku=\"\" data-price=\"119.99\" rel=\"nofollow\" class=\"wp-block-button__link  add_to_cart_button ajax_add_to_cart\">Ajouter au panier<\/a><\/div>\n\t\t\t<\/li><li class=\"wc-block-grid__product\">\n\t\t\t\t<a href=\"https:\/\/avalonsolution.ch\/fr\/negozio\/cristaux-et-pierres\/pentasphere-grande\/\" class=\"wc-block-grid__product-link\">\n\t\t\t\t\t\n\t\t\t\t\t<div class=\"wc-block-grid__product-image\"><img loading=\"lazy\" decoding=\"async\" width=\"213\" height=\"300\" src=\"https:\/\/avalonsolution.ch\/wp-content\/uploads\/2025\/11\/Pentasfera.jpg\" class=\"attachment-woocommerce_thumbnail size-woocommerce_thumbnail\" alt=\"Pentasph\u00e8re - grande\" \/><\/div>\n\t\t\t\t\t<div class=\"wc-block-grid__product-title\">Pentasph\u00e8re &#8211; grande<\/div>\n\t\t\t\t<\/a>\n\t\t\t\t<div class=\"wc-block-grid__product-price price\"><span class=\"woocommerce-Price-amount amount\"><span class=\"woocommerce-Price-currencySymbol\">&#067;&#072;&#070;<\/span>&nbsp;150.01<\/span><\/div>\n\t\t\t\t\n\t\t\t\t<div class=\"wp-block-button wc-block-grid__product-add-to-cart\"><a href=\"\/fr\/wp-json\/wp\/v2\/pages\/1715?add-to-cart=2261\" aria-label=\"Ajouter au panier\u00a0: &ldquo;Pentasph\u00e8re - grande&rdquo;\" data-quantity=\"1\" data-product_id=\"2261\" data-product_sku=\"\" data-price=\"150.01\" rel=\"nofollow\" class=\"wp-block-button__link  add_to_cart_button ajax_add_to_cart\">Ajouter au panier<\/a><\/div>\n\t\t\t<\/li><li class=\"wc-block-grid__product\">\n\t\t\t\t<a href=\"https:\/\/avalonsolution.ch\/fr\/negozio\/cristaux-et-pierres\/genesa-crystal-petit\/\" class=\"wc-block-grid__product-link\">\n\t\t\t\t\t\n\t\t\t\t\t<div class=\"wc-block-grid__product-image\"><img loading=\"lazy\" decoding=\"async\" width=\"300\" height=\"300\" src=\"https:\/\/avalonsolution.ch\/wp-content\/uploads\/2025\/11\/Immagine-WhatsApp-2025-11-06-ore-09.54.12_88a82e2c-1-300x300.jpg\" class=\"attachment-woocommerce_thumbnail size-woocommerce_thumbnail\" alt=\"Genesa Crystal - petit\" srcset=\"https:\/\/avalonsolution.ch\/wp-content\/uploads\/2025\/11\/Immagine-WhatsApp-2025-11-06-ore-09.54.12_88a82e2c-1-300x300.jpg 300w, https:\/\/avalonsolution.ch\/wp-content\/uploads\/2025\/11\/Immagine-WhatsApp-2025-11-06-ore-09.54.12_88a82e2c-1-150x150.jpg 150w, https:\/\/avalonsolution.ch\/wp-content\/uploads\/2025\/11\/Immagine-WhatsApp-2025-11-06-ore-09.54.12_88a82e2c-1-768x768.jpg 768w, https:\/\/avalonsolution.ch\/wp-content\/uploads\/2025\/11\/Immagine-WhatsApp-2025-11-06-ore-09.54.12_88a82e2c-1-140x140.jpg 140w, https:\/\/avalonsolution.ch\/wp-content\/uploads\/2025\/11\/Immagine-WhatsApp-2025-11-06-ore-09.54.12_88a82e2c-1-100x100.jpg 100w, https:\/\/avalonsolution.ch\/wp-content\/uploads\/2025\/11\/Immagine-WhatsApp-2025-11-06-ore-09.54.12_88a82e2c-1-500x500.jpg 500w, https:\/\/avalonsolution.ch\/wp-content\/uploads\/2025\/11\/Immagine-WhatsApp-2025-11-06-ore-09.54.12_88a82e2c-1-350x350.jpg 350w, https:\/\/avalonsolution.ch\/wp-content\/uploads\/2025\/11\/Immagine-WhatsApp-2025-11-06-ore-09.54.12_88a82e2c-1-800x800.jpg 800w, https:\/\/avalonsolution.ch\/wp-content\/uploads\/2025\/11\/Immagine-WhatsApp-2025-11-06-ore-09.54.12_88a82e2c-1-600x600.jpg 600w, https:\/\/avalonsolution.ch\/wp-content\/uploads\/2025\/11\/Immagine-WhatsApp-2025-11-06-ore-09.54.12_88a82e2c-1.jpg 1000w\" sizes=\"auto, (max-width: 300px) 100vw, 300px\" \/><\/div>\n\t\t\t\t\t<div class=\"wc-block-grid__product-title\">Genesa Crystal &#8211; petit<\/div>\n\t\t\t\t<\/a>\n\t\t\t\t<div class=\"wc-block-grid__product-price price\"><span class=\"woocommerce-Price-amount amount\"><span class=\"woocommerce-Price-currencySymbol\">&#067;&#072;&#070;<\/span>&nbsp;30.01<\/span><\/div>\n\t\t\t\t\n\t\t\t\t<div class=\"wp-block-button wc-block-grid__product-add-to-cart\"><a href=\"\/fr\/wp-json\/wp\/v2\/pages\/1715?add-to-cart=2433\" aria-label=\"Ajouter au panier\u00a0: &ldquo;Genesa Crystal - petit&rdquo;\" data-quantity=\"1\" data-product_id=\"2433\" data-product_sku=\"\" data-price=\"30.01\" rel=\"nofollow\" class=\"wp-block-button__link  add_to_cart_button ajax_add_to_cart\">Ajouter au panier<\/a><\/div>\n\t\t\t<\/li><\/ul><\/div><\/div>\n<\/div>\n","protected":false},"excerpt":{"rendered":"Vous pouvez \u00e9galement \u00eatre int\u00e9ress\u00e9 par... Votre panier est actuellement vide ! Nouveau dans le magasin","protected":false},"author":1,"featured_media":0,"parent":0,"menu_order":0,"comment_status":"closed","ping_status":"closed","template":"","meta":{"footnotes":""},"class_list":["post-1715","page","type-page","status-publish"],"_links":{"self":[{"href":"https:\/\/avalonsolution.ch\/fr\/wp-json\/wp\/v2\/pages\/1715","targetHints":{"allow":["GET"]}}],"collection":[{"href":"https:\/\/avalonsolution.ch\/fr\/wp-json\/wp\/v2\/pages"}],"about":[{"href":"https:\/\/avalonsolution.ch\/fr\/wp-json\/wp\/v2\/types\/page"}],"author":[{"embeddable":true,"href":"https:\/\/avalonsolution.ch\/fr\/wp-json\/wp\/v2\/users\/1"}],"replies":[{"embeddable":true,"href":"https:\/\/avalonsolution.ch\/fr\/wp-json\/wp\/v2\/comments?post=1715"}],"version-history":[{"count":4,"href":"https:\/\/avalonsolution.ch\/fr\/wp-json\/wp\/v2\/pages\/1715\/revisions"}],"predecessor-version":[{"id":2221,"href":"https:\/\/avalonsolution.ch\/fr\/wp-json\/wp\/v2\/pages\/1715\/revisions\/2221"}],"wp:attachment":[{"href":"https:\/\/avalonsolution.ch\/fr\/wp-json\/wp\/v2\/media?parent=1715"}],"curies":[{"name":"wp","href":"https:\/\/api.w.org\/{rel}","templated":true}]}}